{"id":119,"date":"2022-12-09T01:29:33","date_gmt":"2022-12-09T00:29:33","guid":{"rendered":"http:\/\/www.historise.fr\/?page_id=119"},"modified":"2024-11-01T17:55:35","modified_gmt":"2024-11-01T16:55:35","slug":"119-2","status":"publish","type":"page","link":"https:\/\/www.historise.fr\/","title":{"rendered":"Accueil"},"content":{"rendered":"\n<p>Historise est une entreprise sp\u00e9cialis\u00e9e dans la <strong>communication \u00e9v\u00e9nementielle immersive<\/strong> \u00e0 travers l&rsquo;utilisation d&rsquo;acteurs costum\u00e9s et de partage de photos sur les r\u00e9seaux sociaux, permettant ainsi de toucher un large public de toutes les tranches d&rsquo;\u00e2ge. Les acteurs costum\u00e9s d&rsquo;\u00e9poque de Historise posent avec les visiteurs dans des lieux marquants et fascinants tels que des ch\u00e2teaux, jardins, mus\u00e9es et monuments, offrant ainsi une exp\u00e9rience immersive unique.<\/p>\n\n\n\n<p>Cela permet aux visiteurs de repartir avec un <strong>souvenir authentique<\/strong> de leur exp\u00e9rience, tout en leur offrant une occasion de <strong>d\u00e9couvrir de mani\u00e8re ludique l&rsquo;habillement de l&rsquo;\u00e9poque<\/strong>.<\/p>\n\n\n\n<p>En outre, l&rsquo;offre photographique personnalis\u00e9e de Historise permet de transporter les visiteurs dans un univers hors du temps et de capturer la magie du lieu en un instant de vie imaginaire. <\/p>\n\n\n\n<p>N&rsquo;h\u00e9sitez pas \u00e0 contacter Historise pour en savoir plus.<\/p>\n\n\n\n<p><strong>T\u00e9l\u00e9chargez l&rsquo;offre commerciale Historise <\/strong><\/p>\n\n\n\n<div data-wp-interactive=\"core\/file\" class=\"wp-block-file\"><object data-wp-bind--hidden=\"!state.hasPdfPreview\" hidden class=\"wp-block-file__embed\" data=\"https:\/\/www.historise.fr\/wp-content\/uploads\/2024\/11\/Offre-commerciale-Historise.pdf\" type=\"application\/pdf\" style=\"width:100%;height:600px\" aria-label=\"Contenu embarqu\u00e9 Offre commerciale Historise.\"><\/object><a id=\"wp-block-file--media-9bf192ed-8563-4fc7-b54b-fbde009d36be\" href=\"https:\/\/www.historise.fr\/wp-content\/uploads\/2024\/11\/Offre-commerciale-Historise.pdf\">Offre commerciale Historise<\/a><a href=\"https:\/\/www.historise.fr\/wp-content\/uploads\/2024\/11\/Offre-commerciale-Historise.pdf\" class=\"wp-block-file__button wp-element-button\" download aria-describedby=\"wp-block-file--media-9bf192ed-8563-4fc7-b54b-fbde009d36be\">T\u00e9l\u00e9charger<\/a><\/div>\n","protected":false},"excerpt":{"rendered":"<p>Historise est une entreprise sp\u00e9cialis\u00e9e dans la communication \u00e9v\u00e9nementielle immersive \u00e0 travers l&rsquo;utilisation d&rsquo;acteurs costum\u00e9s et de partage de photos sur les r\u00e9seaux sociaux, permettant ainsi de toucher un large public de toutes les tranches d&rsquo;\u00e2ge. Les acteurs costum\u00e9s d&rsquo;\u00e9poque de Historise posent avec les visiteurs dans des lieux marquants et fascinants tels que des [&hellip;]<\/p>\n","protected":false},"author":1,"featured_media":227,"parent":0,"menu_order":2,"comment_status":"closed","ping_status":"closed","template":"","meta":{"footnotes":""},"class_list":["post-119","page","type-page","status-publish","has-post-thumbnail","hentry"],"_links":{"self":[{"href":"https:\/\/www.historise.fr\/index.php\/wp-json\/wp\/v2\/pages\/119","targetHints":{"allow":["GET"]}}],"collection":[{"href":"https:\/\/www.historise.fr\/index.php\/wp-json\/wp\/v2\/pages"}],"about":[{"href":"https:\/\/www.historise.fr\/index.php\/wp-json\/wp\/v2\/types\/page"}],"author":[{"embeddable":true,"href":"https:\/\/www.historise.fr\/index.php\/wp-json\/wp\/v2\/users\/1"}],"replies":[{"embeddable":true,"href":"https:\/\/www.historise.fr\/index.php\/wp-json\/wp\/v2\/comments?post=119"}],"version-history":[{"count":20,"href":"https:\/\/www.historise.fr\/index.php\/wp-json\/wp\/v2\/pages\/119\/revisions"}],"predecessor-version":[{"id":283,"href":"https:\/\/www.historise.fr\/index.php\/wp-json\/wp\/v2\/pages\/119\/revisions\/283"}],"wp:featuredmedia":[{"embeddable":true,"href":"https:\/\/www.historise.fr\/index.php\/wp-json\/wp\/v2\/media\/227"}],"wp:attachment":[{"href":"https:\/\/www.historise.fr\/index.php\/wp-json\/wp\/v2\/media?parent=119"}],"curies":[{"name":"wp","href":"https:\/\/api.w.org\/{rel}","templated":true}]}}