{"id":2,"date":"2022-08-23T10:14:24","date_gmt":"2022-08-23T08:14:24","guid":{"rendered":"http:\/\/www.historise.fr\/?page_id=2"},"modified":"2023-04-06T19:06:42","modified_gmt":"2023-04-06T17:06:42","slug":"historise","status":"publish","type":"page","link":"https:\/\/www.historise.fr\/index.php\/historise\/","title":{"rendered":"Prestation"},"content":{"rendered":"\n<figure class=\"wp-block-image size-large\"><img loading=\"lazy\" decoding=\"async\" width=\"1024\" height=\"256\" src=\"https:\/\/www.historise.fr\/wp-content\/uploads\/2023\/01\/PRESTATION-min-1024x256.png\" alt=\"\" class=\"wp-image-181\" srcset=\"https:\/\/www.historise.fr\/wp-content\/uploads\/2023\/01\/PRESTATION-min-1024x256.png 1024w, https:\/\/www.historise.fr\/wp-content\/uploads\/2023\/01\/PRESTATION-min-300x75.png 300w, https:\/\/www.historise.fr\/wp-content\/uploads\/2023\/01\/PRESTATION-min-768x192.png 768w, https:\/\/www.historise.fr\/wp-content\/uploads\/2023\/01\/PRESTATION-min-1536x384.png 1536w, https:\/\/www.historise.fr\/wp-content\/uploads\/2023\/01\/PRESTATION-min-1200x300.png 1200w, https:\/\/www.historise.fr\/wp-content\/uploads\/2023\/01\/PRESTATION-min.png 1584w\" sizes=\"auto, (max-width: 1024px) 100vw, 1024px\" \/><\/figure>\n\n\n\n<p>Chez Historise, nous proposons une strat\u00e9gie de communication unique pour toucher un large public, des plus jeunes aux plus \u00e2g\u00e9s, en utilisant les r\u00e9seaux sociaux tels qu&rsquo;Instagram, Tik Tok, Facebook, WhatsApp&#8230; Nous atteignons cet objectif en offrant des prestations de photographie personnalis\u00e9es dans des endroits embl\u00e9matiques tels que des ch\u00e2teaux, jardins, mus\u00e9es et monuments, avec des acteurs costum\u00e9s.<\/p>\n\n\n\n<p>Notre prestation offre une exp\u00e9rience m\u00e9morable aux visiteurs, avec des personnages historiques en costumes captivants, permettant une d\u00e9couverte ludique et concr\u00e8te des v\u00eatements d&rsquo;\u00e9poque tels que robes, costumes, chapeaux, et accessoires. Nous nous occupons de tous les aspects de la prestation pour garantir une exp\u00e9rience sur mesure. En outre, notre service vous offre la flexibilit\u00e9 de choisir la dur\u00e9e qui vous convient le mieux, que ce soit pour une journ\u00e9e, un week-end, une semaine ou m\u00eame un mois entier. Nous proposons \u00e9galement des tarifs d\u00e9gressifs en fonction du nombre de jours demand\u00e9s. Veuillez noter que notre prestation n\u00e9cessite un d\u00e9lai de planification.<\/p>\n\n\n\n<p>Notre offre photographique personnalis\u00e9e transporte vos h\u00f4tes dans un univers hors du temps et concr\u00e9tise la magie du lieu en une s\u00e9quence de vie r\u00eav\u00e9e. Nous sommes flexibles et adaptons notre service \u00e0 vos besoins pour garantir une exp\u00e9rience unique et inoubliable.<\/p>\n\n\n\n<p>Consultez notre offre commerciale sur notre <a href=\"http:\/\/www.historise.fr\" data-type=\"URL\" data-id=\"www.historise.fr\">page d&rsquo;accueil<\/a> pour plus d&rsquo;informations. Notre \u00e9quipe est \u00e0 votre disposition pour r\u00e9pondre \u00e0 toutes vos questions.<\/p>\n\n\n\n<ul class=\"wp-block-social-links is-layout-flex wp-block-social-links-is-layout-flex\"><\/ul>\n","protected":false},"excerpt":{"rendered":"<p>Chez Historise, nous proposons une strat\u00e9gie de communication unique pour toucher un large public, des plus jeunes aux plus \u00e2g\u00e9s, en utilisant les r\u00e9seaux sociaux tels qu&rsquo;Instagram, Tik Tok, Facebook, WhatsApp&#8230; Nous atteignons cet objectif en offrant des prestations de photographie personnalis\u00e9es dans des endroits embl\u00e9matiques tels que des ch\u00e2teaux, jardins, mus\u00e9es et monuments, avec [&hellip;]<\/p>\n","protected":false},"author":1,"featured_media":0,"parent":0,"menu_order":0,"comment_status":"closed","ping_status":"closed","template":"","meta":{"footnotes":""},"class_list":["post-2","page","type-page","status-publish","hentry"],"_links":{"self":[{"href":"https:\/\/www.historise.fr\/index.php\/wp-json\/wp\/v2\/pages\/2","targetHints":{"allow":["GET"]}}],"collection":[{"href":"https:\/\/www.historise.fr\/index.php\/wp-json\/wp\/v2\/pages"}],"about":[{"href":"https:\/\/www.historise.fr\/index.php\/wp-json\/wp\/v2\/types\/page"}],"author":[{"embeddable":true,"href":"https:\/\/www.historise.fr\/index.php\/wp-json\/wp\/v2\/users\/1"}],"replies":[{"embeddable":true,"href":"https:\/\/www.historise.fr\/index.php\/wp-json\/wp\/v2\/comments?post=2"}],"version-history":[{"count":24,"href":"https:\/\/www.historise.fr\/index.php\/wp-json\/wp\/v2\/pages\/2\/revisions"}],"predecessor-version":[{"id":236,"href":"https:\/\/www.historise.fr\/index.php\/wp-json\/wp\/v2\/pages\/2\/revisions\/236"}],"wp:attachment":[{"href":"https:\/\/www.historise.fr\/index.php\/wp-json\/wp\/v2\/media?parent=2"}],"curies":[{"name":"wp","href":"https:\/\/api.w.org\/{rel}","templated":true}]}}