{"id":3,"date":"2022-08-23T10:14:24","date_gmt":"2022-08-23T08:14:24","guid":{"rendered":"http:\/\/www.historise.fr\/?page_id=3"},"modified":"2024-11-01T17:47:39","modified_gmt":"2024-11-01T16:47:39","slug":"photos","status":"publish","type":"page","link":"https:\/\/www.historise.fr\/index.php\/photos\/","title":{"rendered":"Galerie"},"content":{"rendered":"\n<div class=\"wp-block-columns is-layout-flex wp-container-core-columns-is-layout-9d6595d7 wp-block-columns-is-layout-flex\">\n<div class=\"wp-block-column is-layout-flow wp-block-column-is-layout-flow\" style=\"flex-basis:100%\">\n<figure class=\"wp-block-image size-large\"><img loading=\"lazy\" decoding=\"async\" width=\"1024\" height=\"256\" src=\"http:\/\/www.historise.fr\/wp-content\/uploads\/2023\/03\/PRESTATION-1024x256.png\" alt=\"\" class=\"wp-image-215\" srcset=\"https:\/\/www.historise.fr\/wp-content\/uploads\/2023\/03\/PRESTATION-1024x256.png 1024w, https:\/\/www.historise.fr\/wp-content\/uploads\/2023\/03\/PRESTATION-300x75.png 300w, https:\/\/www.historise.fr\/wp-content\/uploads\/2023\/03\/PRESTATION-768x192.png 768w, https:\/\/www.historise.fr\/wp-content\/uploads\/2023\/03\/PRESTATION-1536x384.png 1536w, https:\/\/www.historise.fr\/wp-content\/uploads\/2023\/03\/PRESTATION-1200x300.png 1200w, https:\/\/www.historise.fr\/wp-content\/uploads\/2023\/03\/PRESTATION.png 1584w\" sizes=\"auto, (max-width: 1024px) 100vw, 1024px\" \/><\/figure>\n\n\n\n<p class=\"has-text-align-left\">Les personnes costum\u00e9es d&rsquo;\u00e9poque sont des individus qui portent des costumes et des accessoires d&rsquo;une \u00e9poque sp\u00e9cifique pour permettre aux visiteurs de prendre des photos avec leur smartphone. Ils se plongent dans l&rsquo;\u00e9poque pour repr\u00e9senter des personnages r\u00e9els, en mettant l&rsquo;accent sur les d\u00e9tails historiques pour rendre leur pr\u00e9sentation aussi authentique que possible. <\/p>\n\n\n\n<p class=\"has-text-align-left\">Les personnes costum\u00e9es d&rsquo;\u00e9poque peuvent repr\u00e9senter des costumes de diff\u00e9rentes \u00e9poques telles que m\u00e9di\u00e9vale, renaissance, belle \u00e9poque, etc., ainsi que des personnages tels que des rois, des reines, des nobles, des soldats, des artisans, etc. Ils peuvent \u00e9galement incarner des personnages historiques c\u00e9l\u00e8bres tels que Napol\u00e9on, Marie-Antoinette, ou encore Louis XIV. <br><br>Les personnes costum\u00e9es d&rsquo;\u00e9poque contribuent \u00e0 faire revivre l&rsquo;histoire de mani\u00e8re interactive et ludique pour les visiteurs.<\/p>\n<\/div>\n<\/div>\n\n\n\n<figure class=\"wp-block-image size-full is-resized is-style-default\"><img loading=\"lazy\" decoding=\"async\" width=\"1792\" height=\"1024\" src=\"https:\/\/www.historise.fr\/wp-content\/uploads\/2024\/11\/thumbnail_0548B9B7-77FD-436F-9BB1-8394354FA5C0.jpg\" alt=\"\" class=\"wp-image-279\" style=\"width:708px;height:476px\" srcset=\"https:\/\/www.historise.fr\/wp-content\/uploads\/2024\/11\/thumbnail_0548B9B7-77FD-436F-9BB1-8394354FA5C0.jpg 1792w, https:\/\/www.historise.fr\/wp-content\/uploads\/2024\/11\/thumbnail_0548B9B7-77FD-436F-9BB1-8394354FA5C0-300x171.jpg 300w, https:\/\/www.historise.fr\/wp-content\/uploads\/2024\/11\/thumbnail_0548B9B7-77FD-436F-9BB1-8394354FA5C0-1024x585.jpg 1024w, https:\/\/www.historise.fr\/wp-content\/uploads\/2024\/11\/thumbnail_0548B9B7-77FD-436F-9BB1-8394354FA5C0-768x439.jpg 768w, https:\/\/www.historise.fr\/wp-content\/uploads\/2024\/11\/thumbnail_0548B9B7-77FD-436F-9BB1-8394354FA5C0-1536x878.jpg 1536w, https:\/\/www.historise.fr\/wp-content\/uploads\/2024\/11\/thumbnail_0548B9B7-77FD-436F-9BB1-8394354FA5C0-1200x686.jpg 1200w\" sizes=\"auto, (max-width: 1792px) 100vw, 1792px\" \/><\/figure>\n\n\n\n<figure class=\"wp-block-image size-large\"><img loading=\"lazy\" decoding=\"async\" width=\"1024\" height=\"585\" src=\"https:\/\/www.historise.fr\/wp-content\/uploads\/2024\/11\/thumbnail_0AB3904F-8E87-446A-977F-D895D9CCBD1F-1024x585.jpg\" alt=\"\" class=\"wp-image-271\" srcset=\"https:\/\/www.historise.fr\/wp-content\/uploads\/2024\/11\/thumbnail_0AB3904F-8E87-446A-977F-D895D9CCBD1F-1024x585.jpg 1024w, https:\/\/www.historise.fr\/wp-content\/uploads\/2024\/11\/thumbnail_0AB3904F-8E87-446A-977F-D895D9CCBD1F-300x171.jpg 300w, https:\/\/www.historise.fr\/wp-content\/uploads\/2024\/11\/thumbnail_0AB3904F-8E87-446A-977F-D895D9CCBD1F-768x439.jpg 768w, https:\/\/www.historise.fr\/wp-content\/uploads\/2024\/11\/thumbnail_0AB3904F-8E87-446A-977F-D895D9CCBD1F-1536x878.jpg 1536w, https:\/\/www.historise.fr\/wp-content\/uploads\/2024\/11\/thumbnail_0AB3904F-8E87-446A-977F-D895D9CCBD1F-1200x686.jpg 1200w, https:\/\/www.historise.fr\/wp-content\/uploads\/2024\/11\/thumbnail_0AB3904F-8E87-446A-977F-D895D9CCBD1F.jpg 1792w\" sizes=\"auto, (max-width: 1024px) 100vw, 1024px\" \/><\/figure>\n\n\n\n<figure class=\"wp-block-image size-full\"><img loading=\"lazy\" decoding=\"async\" width=\"1792\" height=\"1024\" src=\"https:\/\/www.historise.fr\/wp-content\/uploads\/2024\/11\/thumbnail_D4029E4B-8B32-41D9-841D-9F3EF866E23E-1.jpg\" alt=\"\" class=\"wp-image-274\" srcset=\"https:\/\/www.historise.fr\/wp-content\/uploads\/2024\/11\/thumbnail_D4029E4B-8B32-41D9-841D-9F3EF866E23E-1.jpg 1792w, https:\/\/www.historise.fr\/wp-content\/uploads\/2024\/11\/thumbnail_D4029E4B-8B32-41D9-841D-9F3EF866E23E-1-300x171.jpg 300w, https:\/\/www.historise.fr\/wp-content\/uploads\/2024\/11\/thumbnail_D4029E4B-8B32-41D9-841D-9F3EF866E23E-1-1024x585.jpg 1024w, https:\/\/www.historise.fr\/wp-content\/uploads\/2024\/11\/thumbnail_D4029E4B-8B32-41D9-841D-9F3EF866E23E-1-768x439.jpg 768w, https:\/\/www.historise.fr\/wp-content\/uploads\/2024\/11\/thumbnail_D4029E4B-8B32-41D9-841D-9F3EF866E23E-1-1536x878.jpg 1536w, https:\/\/www.historise.fr\/wp-content\/uploads\/2024\/11\/thumbnail_D4029E4B-8B32-41D9-841D-9F3EF866E23E-1-1200x686.jpg 1200w\" sizes=\"auto, (max-width: 1792px) 100vw, 1792px\" \/><\/figure>\n\n\n\n<figure class=\"wp-block-image size-full\"><img loading=\"lazy\" decoding=\"async\" width=\"892\" height=\"517\" src=\"https:\/\/www.historise.fr\/wp-content\/uploads\/2024\/11\/Capture-decran-2024-10-26-021631-1.png\" alt=\"\" class=\"wp-image-275\" srcset=\"https:\/\/www.historise.fr\/wp-content\/uploads\/2024\/11\/Capture-decran-2024-10-26-021631-1.png 892w, https:\/\/www.historise.fr\/wp-content\/uploads\/2024\/11\/Capture-decran-2024-10-26-021631-1-300x174.png 300w, https:\/\/www.historise.fr\/wp-content\/uploads\/2024\/11\/Capture-decran-2024-10-26-021631-1-768x445.png 768w\" sizes=\"auto, (max-width: 892px) 100vw, 892px\" \/><\/figure>\n\n\n\n<div class=\"wp-block-columns is-layout-flex wp-container-core-columns-is-layout-9d6595d7 wp-block-columns-is-layout-flex\">\n<div class=\"wp-block-column is-layout-flow wp-block-column-is-layout-flow\"><div class=\"wp-block-image\">\n<figure class=\"aligncenter size-full\"><img loading=\"lazy\" decoding=\"async\" width=\"946\" height=\"543\" src=\"https:\/\/www.historise.fr\/wp-content\/uploads\/2024\/11\/Capture-decran-2024-10-29-195641.png\" alt=\"\" class=\"wp-image-276\" srcset=\"https:\/\/www.historise.fr\/wp-content\/uploads\/2024\/11\/Capture-decran-2024-10-29-195641.png 946w, https:\/\/www.historise.fr\/wp-content\/uploads\/2024\/11\/Capture-decran-2024-10-29-195641-300x172.png 300w, https:\/\/www.historise.fr\/wp-content\/uploads\/2024\/11\/Capture-decran-2024-10-29-195641-768x441.png 768w\" sizes=\"auto, (max-width: 946px) 100vw, 946px\" \/><\/figure>\n<\/div><\/div>\n<\/div>\n\n\n\n<figure class=\"wp-block-gallery has-nested-images columns-default is-cropped wp-block-gallery-1 is-layout-flex wp-block-gallery-is-layout-flex\">\n<figure class=\"wp-block-image size-large\"><img loading=\"lazy\" decoding=\"async\" width=\"946\" height=\"543\" data-id=\"277\" src=\"https:\/\/www.historise.fr\/wp-content\/uploads\/2024\/11\/Capture-decran-2024-10-29-200211.png\" alt=\"\" class=\"wp-image-277\" srcset=\"https:\/\/www.historise.fr\/wp-content\/uploads\/2024\/11\/Capture-decran-2024-10-29-200211.png 946w, https:\/\/www.historise.fr\/wp-content\/uploads\/2024\/11\/Capture-decran-2024-10-29-200211-300x172.png 300w, https:\/\/www.historise.fr\/wp-content\/uploads\/2024\/11\/Capture-decran-2024-10-29-200211-768x441.png 768w\" sizes=\"auto, (max-width: 946px) 100vw, 946px\" \/><\/figure>\n<\/figure>\n\n\n\n<figure class=\"wp-block-gallery has-nested-images columns-default is-cropped wp-block-gallery-2 is-layout-flex wp-block-gallery-is-layout-flex\">\n<figure class=\"wp-block-image size-large\"><img loading=\"lazy\" decoding=\"async\" width=\"1792\" height=\"1024\" data-id=\"278\" src=\"https:\/\/www.historise.fr\/wp-content\/uploads\/2024\/11\/DALL\u00b7E-2024-11-01-17.36.13-A-person-dressed-as-Louis-XIV-with-elaborate-17th-century-French-royal-attire-including-a-richly-decorated-coat-lace-cuffs-and-a-curly-wig-standi.webp\" alt=\"\" class=\"wp-image-278\"\/><\/figure>\n<\/figure>\n\n\n\n<figure class=\"wp-block-image size-large\"><img loading=\"lazy\" decoding=\"async\" width=\"1024\" height=\"576\" src=\"https:\/\/www.historise.fr\/wp-content\/uploads\/2023\/01\/Historise-Plaquette-2021-min-1024x576.jpg\" alt=\"\" class=\"wp-image-179\" srcset=\"https:\/\/www.historise.fr\/wp-content\/uploads\/2023\/01\/Historise-Plaquette-2021-min-1024x576.jpg 1024w, https:\/\/www.historise.fr\/wp-content\/uploads\/2023\/01\/Historise-Plaquette-2021-min-300x169.jpg 300w, https:\/\/www.historise.fr\/wp-content\/uploads\/2023\/01\/Historise-Plaquette-2021-min-768x432.jpg 768w, https:\/\/www.historise.fr\/wp-content\/uploads\/2023\/01\/Historise-Plaquette-2021-min-1536x864.jpg 1536w, https:\/\/www.historise.fr\/wp-content\/uploads\/2023\/01\/Historise-Plaquette-2021-min-1200x675.jpg 1200w, https:\/\/www.historise.fr\/wp-content\/uploads\/2023\/01\/Historise-Plaquette-2021-min-1980x1114.jpg 1980w, https:\/\/www.historise.fr\/wp-content\/uploads\/2023\/01\/Historise-Plaquette-2021-min.jpg 2000w\" sizes=\"auto, (max-width: 1024px) 100vw, 1024px\" \/><\/figure>\n\n\n\n<p>historise.fr<\/p>\n\n\n\n\n\n\n\n\n\n\n\n\n\n\n\n\n\n\n\n\n\n\n\n\n","protected":false},"excerpt":{"rendered":"<p>Les personnes costum\u00e9es d&rsquo;\u00e9poque sont des individus qui portent des costumes et des accessoires d&rsquo;une \u00e9poque sp\u00e9cifique pour permettre aux visiteurs de prendre des photos avec leur smartphone. Ils se plongent dans l&rsquo;\u00e9poque pour repr\u00e9senter des personnages r\u00e9els, en mettant l&rsquo;accent sur les d\u00e9tails historiques pour rendre leur pr\u00e9sentation aussi authentique que possible. Les personnes [&hellip;]<\/p>\n","protected":false},"author":1,"featured_media":0,"parent":0,"menu_order":0,"comment_status":"closed","ping_status":"closed","template":"","meta":{"footnotes":""},"class_list":["post-3","page","type-page","status-publish","hentry"],"_links":{"self":[{"href":"https:\/\/www.historise.fr\/index.php\/wp-json\/wp\/v2\/pages\/3","targetHints":{"allow":["GET"]}}],"collection":[{"href":"https:\/\/www.historise.fr\/index.php\/wp-json\/wp\/v2\/pages"}],"about":[{"href":"https:\/\/www.historise.fr\/index.php\/wp-json\/wp\/v2\/types\/page"}],"author":[{"embeddable":true,"href":"https:\/\/www.historise.fr\/index.php\/wp-json\/wp\/v2\/users\/1"}],"replies":[{"embeddable":true,"href":"https:\/\/www.historise.fr\/index.php\/wp-json\/wp\/v2\/comments?post=3"}],"version-history":[{"count":18,"href":"https:\/\/www.historise.fr\/index.php\/wp-json\/wp\/v2\/pages\/3\/revisions"}],"predecessor-version":[{"id":280,"href":"https:\/\/www.historise.fr\/index.php\/wp-json\/wp\/v2\/pages\/3\/revisions\/280"}],"wp:attachment":[{"href":"https:\/\/www.historise.fr\/index.php\/wp-json\/wp\/v2\/media?parent=3"}],"curies":[{"name":"wp","href":"https:\/\/api.w.org\/{rel}","templated":true}]}}